{"id":8139,"date":"2025-04-09T03:16:00","date_gmt":"2025-04-09T00:16:00","guid":{"rendered":"https:\/\/peryapi.com.tr\/perlife-blog\/"},"modified":"2025-11-10T04:09:06","modified_gmt":"2025-11-10T01:09:06","slug":"perlife-blog","status":"publish","type":"page","link":"https:\/\/peryapi.com.tr\/en\/perlife-blog\/","title":{"rendered":"PerLife Blog"},"content":{"rendered":"\t\t<div data-elementor-type=\"wp-page\" data-elementor-id=\"8139\" class=\"elementor elementor-8139 elementor-3356\" data-elementor-post-type=\"page\">\n\t\t\t\t<div class=\"elementor-element elementor-element-6767b3e7 e-con-full e-flex e-con e-parent\" data-id=\"6767b3e7\" data-element_type=\"container\" data-e-type=\"container\" data-settings=\"{&quot;background_background&quot;:&quot;classic&quot;}\">\n\t\t<div class=\"elementor-element elementor-element-2f200672 e-flex e-con-boxed e-con e-child\" data-id=\"2f200672\" data-element_type=\"container\" data-e-type=\"container\">\n\t\t\t\t\t<div class=\"e-con-inner\">\n\t\t\t\t<div class=\"elementor-element elementor-element-61db8358 elementor-widget elementor-widget-page-title\" data-id=\"61db8358\" data-element_type=\"widget\" data-e-type=\"widget\" data-widget_type=\"page-title.default\">\n\t\t\t\t<div class=\"elementor-widget-container\">\n\t\t\t\t\t\t\t\n\t\t<div class=\"hfe-page-title hfe-page-title-wrapper elementor-widget-heading\">\n\n\t\t\t\t\t\t\t\t<h1 class=\"elementor-heading-title elementor-size-default\">\n\t\t\t\t\t\t\t\t\n\t\t\t\tPerLife Blog  \n\t\t\t<\/h1 > \n\t\t\t\t\t<\/div>\n\t\t\t\t\t\t<\/div>\n\t\t\t\t<\/div>\n\t\t<div class=\"elementor-element elementor-element-5b01b6a6 e-con-full e-flex e-con e-child\" data-id=\"5b01b6a6\" data-element_type=\"container\" data-e-type=\"container\">\n\t\t\t\t<div class=\"elementor-element elementor-element-2956e8e8 elementor-widget elementor-widget-hfe-breadcrumbs-widget\" data-id=\"2956e8e8\" data-element_type=\"widget\" data-e-type=\"widget\" data-widget_type=\"hfe-breadcrumbs-widget.default\">\n\t\t\t\t<div class=\"elementor-widget-container\">\n\t\t\t\t\t<nav aria-label=\"Breadcrumb\"><ul class=\"hfe-breadcrumbs hfe-breadcrumbs-show-home\"><li class=\"hfe-breadcrumbs-item hfe-breadcrumbs-first\"><span class=\"hfe-breadcrumbs-home-icon\"><\/span><a href=\"https:\/\/peryapi.com.tr\/en\/\"><span class=\"hfe-breadcrumbs-text\">Per Yap\u0131<\/span><\/a><\/li><\/ul><\/nav>\t\t\t\t<\/div>\n\t\t\t\t<\/div>\n\t\t\t\t<\/div>\n\t\t\t\t\t<\/div>\n\t\t\t\t<\/div>\n\t\t\t\t<div class=\"elementor-element elementor-element-75d1b64c elementor-widget elementor-widget-spacer\" data-id=\"75d1b64c\" data-element_type=\"widget\" data-e-type=\"widget\" data-widget_type=\"spacer.default\">\n\t\t\t\t<div class=\"elementor-widget-container\">\n\t\t\t\t\t\t\t<div class=\"elementor-spacer\">\n\t\t\t<div class=\"elementor-spacer-inner\"><\/div>\n\t\t<\/div>\n\t\t\t\t\t\t<\/div>\n\t\t\t\t<\/div>\n\t\t\t\t<\/div>\n\t\t<div class=\"elementor-element elementor-element-57fbeb1 e-flex e-con-boxed e-con e-parent\" data-id=\"57fbeb1\" data-element_type=\"container\" data-e-type=\"container\">\n\t\t\t\t\t<div class=\"e-con-inner\">\n\t\t\t\t<div class=\"elementor-element elementor-element-ae5edf7 elementor-widget elementor-widget-spaciaz-post-grid\" data-id=\"ae5edf7\" data-element_type=\"widget\" data-e-type=\"widget\" data-widget_type=\"spaciaz-post-grid.default\">\n\t\t\t\t<div class=\"elementor-widget-container\">\n\t\t\t\t\t        <div class=\"elementor-post-wrapper elementor-post-list\">\n            <div class=\"d-grid\">\n                                                        <div class=\"grid-item\">\n                            <article id=\"post-9023\" class=\"article-default post-9023 post type-post status-publish format-standard has-post-thumbnail category-general\">\n    <div class=\"post-inner blog-list\">\n        <div class=\"post-content\">\n                            <div class=\"post-left\">\n                    <div class=\"post-thumbnail\"><img fetchpriority=\"high\" decoding=\"async\" width=\"900\" height=\"330\" src=\"https:\/\/peryapi.com.tr\/wp-content\/uploads\/2026\/03\/Kat-Mulkiyeti-ve-Kira-Irtifaki-1024x376.jpg\" class=\"attachment-large size-large wp-post-image\" alt=\"Depreme dayan\u0131kl\u0131 ev\" srcset=\"https:\/\/peryapi.com.tr\/wp-content\/uploads\/2026\/03\/Kat-Mulkiyeti-ve-Kira-Irtifaki-1024x376.jpg 1024w, https:\/\/peryapi.com.tr\/wp-content\/uploads\/2026\/03\/Kat-Mulkiyeti-ve-Kira-Irtifaki-300x110.jpg 300w, https:\/\/peryapi.com.tr\/wp-content\/uploads\/2026\/03\/Kat-Mulkiyeti-ve-Kira-Irtifaki-768x282.jpg 768w, https:\/\/peryapi.com.tr\/wp-content\/uploads\/2026\/03\/Kat-Mulkiyeti-ve-Kira-Irtifaki.jpg 1290w\" sizes=\"(max-width: 900px) 100vw, 900px\" \/><\/div>                <\/div>\n                        <div class=\"post-right\">\n                <div class=\"entry-meta\">\n                    <div class=\"entry-meta-inner\">\n                         <div class=\"categories-link\"><span class=\"screen-reader-text\">Categories<\/span><a href=\"https:\/\/peryapi.com.tr\/en\/blog\/category\/general\/\" rel=\"category tag\">General<\/a><\/div> <div class=\"posted-on\"><a href=\"https:\/\/peryapi.com.tr\/en\/blog\/what-is-kat-mulkiyeti-kat-irtifaki\/\" rel=\"bookmark\"><time class=\"entry-date published\" datetime=\"2026-03-21T08:32:16+03:00\">21 March 2026<\/time><time class=\"updated\" datetime=\"2026-03-21T08:51:35+03:00\">21 March 2026<\/time><\/a><\/div>                     <\/div>\n                <\/div>\n                <h3 class=\"delta entry-title\"><a href=\"https:\/\/peryapi.com.tr\/en\/blog\/what-is-kat-mulkiyeti-kat-irtifaki\/\" rel=\"bookmark\">What Is Kat M\u00fclkiyeti? What Is Kat \u0130rtifak\u0131? What Are the Differences?<\/a><\/h3>                <div class=\"entry-excerpt\"><p>Kat M\u00fclkiyeti ve Kat \u0130rtifak\u0131 (Condominium Ownership and Condominium Easement) When buying a home or moving into a rental, there is a term you will hear often but may not fully understand: kat m\u00fclkiyeti (condominium ownership). Knowing who the official owner is matters. After all, nobody wants to live in a home with unclear ownership. [&hellip;]<\/p>\n<\/div>\n                <div class=\"more-link-wrap\">\n                    <a class=\"more-link\" href=\"https:\/\/peryapi.com.tr\/en\/blog\/what-is-kat-mulkiyeti-kat-irtifaki\/\">Continue Reading<\/a>                <\/div>\n            <\/div>\n        <\/div>\n    <\/div>\n<\/article><!-- #post-## -->                        <\/div>\n                                                    <\/div>\n                                        <\/div>\n        \t\t\t\t<\/div>\n\t\t\t\t<\/div>\n\t\t\t\t\t<\/div>\n\t\t\t\t<\/div>\n\t\t<div class=\"elementor-element elementor-element-079f4c5 e-flex e-con-boxed e-con e-parent\" data-id=\"079f4c5\" data-element_type=\"container\" data-e-type=\"container\">\n\t\t\t\t\t<div class=\"e-con-inner\">\n\t\t\t\t<div class=\"elementor-element elementor-element-4cecf79 elementor-widget elementor-widget-heading\" data-id=\"4cecf79\" data-element_type=\"widget\" data-e-type=\"widget\" data-widget_type=\"heading.default\">\n\t\t\t\t<div class=\"elementor-widget-container\">\n\t\t\t\t\t<h2 class=\"elementor-heading-title elementor-size-default\">Latest Articles<\/h2>\t\t\t\t<\/div>\n\t\t\t\t<\/div>\n\t\t\t\t<div class=\"elementor-element elementor-element-2557fae elementor-widget elementor-widget-spaciaz-post-grid\" data-id=\"2557fae\" data-element_type=\"widget\" data-e-type=\"widget\" data-widget_type=\"spaciaz-post-grid.default\">\n\t\t\t\t<div class=\"elementor-widget-container\">\n\t\t\t\t\t        <div class=\"elementor-post-wrapper elementor-post-style-1\">\n            <div class=\"d-grid\">\n                                                        <div class=\"grid-item\">\n                            <div class=\"post-inner blog-grid\">\n    <div class=\"post-thumbnail\"><img fetchpriority=\"high\" decoding=\"async\" width=\"900\" height=\"330\" src=\"https:\/\/peryapi.com.tr\/wp-content\/uploads\/2026\/03\/Kat-Mulkiyeti-ve-Kira-Irtifaki-1024x376.jpg\" class=\"attachment-large size-large wp-post-image\" alt=\"Depreme dayan\u0131kl\u0131 ev\" srcset=\"https:\/\/peryapi.com.tr\/wp-content\/uploads\/2026\/03\/Kat-Mulkiyeti-ve-Kira-Irtifaki-1024x376.jpg 1024w, https:\/\/peryapi.com.tr\/wp-content\/uploads\/2026\/03\/Kat-Mulkiyeti-ve-Kira-Irtifaki-300x110.jpg 300w, https:\/\/peryapi.com.tr\/wp-content\/uploads\/2026\/03\/Kat-Mulkiyeti-ve-Kira-Irtifaki-768x282.jpg 768w, https:\/\/peryapi.com.tr\/wp-content\/uploads\/2026\/03\/Kat-Mulkiyeti-ve-Kira-Irtifaki.jpg 1290w\" sizes=\"(max-width: 900px) 100vw, 900px\" \/><\/div>    <div class=\"post-content\">\n        <div class=\"entry-meta\">\n            <div class=\"entry-meta-inner\">\n                 <div class=\"categories-link\"><span class=\"screen-reader-text\">Categories<\/span><a href=\"https:\/\/peryapi.com.tr\/en\/blog\/category\/general\/\" rel=\"category tag\">General<\/a><\/div> <div class=\"posted-on\"><a href=\"https:\/\/peryapi.com.tr\/en\/blog\/what-is-kat-mulkiyeti-kat-irtifaki\/\" rel=\"bookmark\"><time class=\"entry-date published\" datetime=\"2026-03-21T08:32:16+03:00\">21 March 2026<\/time><time class=\"updated\" datetime=\"2026-03-21T08:51:35+03:00\">21 March 2026<\/time><\/a><\/div>             <\/div>\n        <\/div>\n        <h3 class=\"omega entry-title\"><a href=\"https:\/\/peryapi.com.tr\/en\/blog\/what-is-kat-mulkiyeti-kat-irtifaki\/\" rel=\"bookmark\">What Is Kat M\u00fclkiyeti? What Is Kat \u0130rtifak\u0131? What Are the Differences?<\/a><\/h3>    <\/div>\n<\/div>                        <\/div>\n                                                <div class=\"grid-item\">\n                            <div class=\"post-inner blog-grid\">\n    <div class=\"post-thumbnail\"><img decoding=\"async\" width=\"900\" height=\"363\" src=\"https:\/\/peryapi.com.tr\/wp-content\/uploads\/2026\/03\/Depreme-Dayanikli-Evler-Icin-En-Guvenli-Insaat-Malzemeleri-ve-Modern-Muhendislik-Yaklasimlari-1-1024x413.jpg\" class=\"attachment-large size-large wp-post-image\" alt=\"Depreme dayan\u0131kl\u0131 ev\nDepreme dayan\u0131kl\u0131 yap\u0131\nDepreme dayan\u0131kl\u0131 bina\nDepreme dayankl\u0131 beton\nDepreme dayan\u0131kl\u0131 malzeme\nY\u00fcksek dayan\u0131ml\u0131 beton\nDeprem dayan\u0131kl\u0131 yap\u0131 malzemeleri\" srcset=\"https:\/\/peryapi.com.tr\/wp-content\/uploads\/2026\/03\/Depreme-Dayanikli-Evler-Icin-En-Guvenli-Insaat-Malzemeleri-ve-Modern-Muhendislik-Yaklasimlari-1-1024x413.jpg 1024w, https:\/\/peryapi.com.tr\/wp-content\/uploads\/2026\/03\/Depreme-Dayanikli-Evler-Icin-En-Guvenli-Insaat-Malzemeleri-ve-Modern-Muhendislik-Yaklasimlari-1-300x121.jpg 300w, https:\/\/peryapi.com.tr\/wp-content\/uploads\/2026\/03\/Depreme-Dayanikli-Evler-Icin-En-Guvenli-Insaat-Malzemeleri-ve-Modern-Muhendislik-Yaklasimlari-1-768x310.jpg 768w, https:\/\/peryapi.com.tr\/wp-content\/uploads\/2026\/03\/Depreme-Dayanikli-Evler-Icin-En-Guvenli-Insaat-Malzemeleri-ve-Modern-Muhendislik-Yaklasimlari-1.jpg 1290w\" sizes=\"(max-width: 900px) 100vw, 900px\" \/><\/div>    <div class=\"post-content\">\n        <div class=\"entry-meta\">\n            <div class=\"entry-meta-inner\">\n                 <div class=\"categories-link\"><span class=\"screen-reader-text\">Categories<\/span><a href=\"https:\/\/peryapi.com.tr\/en\/blog\/category\/general\/\" rel=\"category tag\">General<\/a><\/div> <div class=\"posted-on\"><a href=\"https:\/\/peryapi.com.tr\/en\/blog\/earthquake-resistant-materials\/\" rel=\"bookmark\"><time class=\"entry-date published\" datetime=\"2026-03-21T08:02:50+03:00\">21 March 2026<\/time><time class=\"updated\" datetime=\"2026-03-21T08:09:07+03:00\">21 March 2026<\/time><\/a><\/div>             <\/div>\n        <\/div>\n        <h3 class=\"omega entry-title\"><a href=\"https:\/\/peryapi.com.tr\/en\/blog\/earthquake-resistant-materials\/\" rel=\"bookmark\">Earthquake Resistant Materials<\/a><\/h3>    <\/div>\n<\/div>                        <\/div>\n                                                <div class=\"grid-item\">\n                            <div class=\"post-inner blog-grid\">\n    <div class=\"post-thumbnail\"><img decoding=\"async\" width=\"900\" height=\"600\" src=\"https:\/\/peryapi.com.tr\/wp-content\/uploads\/2026\/01\/betonerme-yapilar-mi-celik-yapilar-mi-hangisi-daha-guvenli-1024x683.webp\" class=\"attachment-large size-large wp-post-image\" alt=\"\" srcset=\"https:\/\/peryapi.com.tr\/wp-content\/uploads\/2026\/01\/betonerme-yapilar-mi-celik-yapilar-mi-hangisi-daha-guvenli-1024x683.webp 1024w, https:\/\/peryapi.com.tr\/wp-content\/uploads\/2026\/01\/betonerme-yapilar-mi-celik-yapilar-mi-hangisi-daha-guvenli-300x200.webp 300w, https:\/\/peryapi.com.tr\/wp-content\/uploads\/2026\/01\/betonerme-yapilar-mi-celik-yapilar-mi-hangisi-daha-guvenli-768x512.webp 768w, https:\/\/peryapi.com.tr\/wp-content\/uploads\/2026\/01\/betonerme-yapilar-mi-celik-yapilar-mi-hangisi-daha-guvenli.webp 1536w\" sizes=\"(max-width: 900px) 100vw, 900px\" \/><\/div>    <div class=\"post-content\">\n        <div class=\"entry-meta\">\n            <div class=\"entry-meta-inner\">\n                 <div class=\"categories-link\"><span class=\"screen-reader-text\">Categories<\/span><a href=\"https:\/\/peryapi.com.tr\/en\/blog\/category\/general\/\" rel=\"category tag\">General<\/a><\/div> <div class=\"posted-on\"><a href=\"https:\/\/peryapi.com.tr\/en\/blog\/reinforced-concrete-or-steel-which-is-safer-for-building-safety\/\" rel=\"bookmark\"><time class=\"entry-date published\" datetime=\"2026-01-22T14:30:12+03:00\">22 January 2026<\/time><time class=\"updated\" datetime=\"2026-01-22T14:32:55+03:00\">22 January 2026<\/time><\/a><\/div>             <\/div>\n        <\/div>\n        <h3 class=\"omega entry-title\"><a href=\"https:\/\/peryapi.com.tr\/en\/blog\/reinforced-concrete-or-steel-which-is-safer-for-building-safety\/\" rel=\"bookmark\">Reinforced Concrete or Steel? Which Is Safer for Building Safety?<\/a><\/h3>    <\/div>\n<\/div>                        <\/div>\n                                                <div class=\"grid-item\">\n                            <div class=\"post-inner blog-grid\">\n    <div class=\"post-thumbnail\"><img loading=\"lazy\" decoding=\"async\" width=\"900\" height=\"454\" src=\"https:\/\/peryapi.com.tr\/wp-content\/uploads\/2026\/01\/zorunlu-deprem-sigortasi-1024x517.webp\" class=\"attachment-large size-large wp-post-image\" alt=\"\" srcset=\"https:\/\/peryapi.com.tr\/wp-content\/uploads\/2026\/01\/zorunlu-deprem-sigortasi-1024x517.webp 1024w, https:\/\/peryapi.com.tr\/wp-content\/uploads\/2026\/01\/zorunlu-deprem-sigortasi-300x151.webp 300w, https:\/\/peryapi.com.tr\/wp-content\/uploads\/2026\/01\/zorunlu-deprem-sigortasi-768x388.webp 768w, https:\/\/peryapi.com.tr\/wp-content\/uploads\/2026\/01\/zorunlu-deprem-sigortasi.webp 1500w\" sizes=\"(max-width: 900px) 100vw, 900px\" \/><\/div>    <div class=\"post-content\">\n        <div class=\"entry-meta\">\n            <div class=\"entry-meta-inner\">\n                 <div class=\"categories-link\"><span class=\"screen-reader-text\">Categories<\/span><a href=\"https:\/\/peryapi.com.tr\/en\/blog\/category\/general\/\" rel=\"category tag\">General<\/a><\/div> <div class=\"posted-on\"><a href=\"https:\/\/peryapi.com.tr\/en\/blog\/what-is-compulsory-earthquake-insurance-and-how-do-you-get-it\/\" rel=\"bookmark\"><time class=\"entry-date published\" datetime=\"2026-01-22T14:06:49+03:00\">22 January 2026<\/time><time class=\"updated\" datetime=\"2026-01-22T14:20:43+03:00\">22 January 2026<\/time><\/a><\/div>             <\/div>\n        <\/div>\n        <h3 class=\"omega entry-title\"><a href=\"https:\/\/peryapi.com.tr\/en\/blog\/what-is-compulsory-earthquake-insurance-and-how-do-you-get-it\/\" rel=\"bookmark\">What Is Compulsory Earthquake Insurance, and How Do You Get It?<\/a><\/h3>    <\/div>\n<\/div>                        <\/div>\n                                                <div class=\"grid-item\">\n                            <div class=\"post-inner blog-grid\">\n    <div class=\"post-thumbnail\"><img loading=\"lazy\" decoding=\"async\" width=\"900\" height=\"600\" src=\"https:\/\/peryapi.com.tr\/wp-content\/uploads\/2025\/12\/muteahhit-nedir-1024x683.jpg\" class=\"attachment-large size-large wp-post-image\" alt=\"\" srcset=\"https:\/\/peryapi.com.tr\/wp-content\/uploads\/2025\/12\/muteahhit-nedir-1024x683.jpg 1024w, https:\/\/peryapi.com.tr\/wp-content\/uploads\/2025\/12\/muteahhit-nedir-300x200.jpg 300w, https:\/\/peryapi.com.tr\/wp-content\/uploads\/2025\/12\/muteahhit-nedir-768x513.jpg 768w, https:\/\/peryapi.com.tr\/wp-content\/uploads\/2025\/12\/muteahhit-nedir.jpg 1500w\" sizes=\"(max-width: 900px) 100vw, 900px\" \/><\/div>    <div class=\"post-content\">\n        <div class=\"entry-meta\">\n            <div class=\"entry-meta-inner\">\n                 <div class=\"categories-link\"><span class=\"screen-reader-text\">Categories<\/span><a href=\"https:\/\/peryapi.com.tr\/en\/blog\/category\/general\/\" rel=\"category tag\">General<\/a><\/div> <div class=\"posted-on\"><a href=\"https:\/\/peryapi.com.tr\/en\/blog\/what-is-a-contractor-choosing-the-right-contractor-for-a-safe-living-space\/\" rel=\"bookmark\"><time class=\"entry-date published\" datetime=\"2025-12-10T20:48:33+03:00\">10 December 2025<\/time><time class=\"updated\" datetime=\"2025-12-29T22:06:05+03:00\">29 December 2025<\/time><\/a><\/div>             <\/div>\n        <\/div>\n        <h3 class=\"omega entry-title\"><a href=\"https:\/\/peryapi.com.tr\/en\/blog\/what-is-a-contractor-choosing-the-right-contractor-for-a-safe-living-space\/\" rel=\"bookmark\">What Is a Contractor? Choosing the Right Contractor for a Safe Living Space<\/a><\/h3>    <\/div>\n<\/div>                        <\/div>\n                                                <div class=\"grid-item\">\n                            <div class=\"post-inner blog-grid\">\n    <div class=\"post-thumbnail\"><img loading=\"lazy\" decoding=\"async\" width=\"900\" height=\"675\" src=\"https:\/\/peryapi.com.tr\/wp-content\/uploads\/2025\/12\/ses-yalitimi-1024x768.jpg\" class=\"attachment-large size-large wp-post-image\" alt=\"\" srcset=\"https:\/\/peryapi.com.tr\/wp-content\/uploads\/2025\/12\/ses-yalitimi-1024x768.jpg 1024w, https:\/\/peryapi.com.tr\/wp-content\/uploads\/2025\/12\/ses-yalitimi-300x225.jpg 300w, https:\/\/peryapi.com.tr\/wp-content\/uploads\/2025\/12\/ses-yalitimi-768x576.jpg 768w, https:\/\/peryapi.com.tr\/wp-content\/uploads\/2025\/12\/ses-yalitimi.jpg 1500w\" sizes=\"(max-width: 900px) 100vw, 900px\" \/><\/div>    <div class=\"post-content\">\n        <div class=\"entry-meta\">\n            <div class=\"entry-meta-inner\">\n                 <div class=\"categories-link\"><span class=\"screen-reader-text\">Categories<\/span><a href=\"https:\/\/peryapi.com.tr\/en\/blog\/category\/general\/\" rel=\"category tag\">General<\/a><\/div> <div class=\"posted-on\"><a href=\"https:\/\/peryapi.com.tr\/en\/blog\/sound-insulation-the-key-to-peaceful-living-and-high-productivity\/\" rel=\"bookmark\"><time class=\"entry-date published updated\" datetime=\"2025-12-10T20:36:33+03:00\">10 December 2025<\/time><\/a><\/div>             <\/div>\n        <\/div>\n        <h3 class=\"omega entry-title\"><a href=\"https:\/\/peryapi.com.tr\/en\/blog\/sound-insulation-the-key-to-peaceful-living-and-high-productivity\/\" rel=\"bookmark\">Sound Insulation: The Key to Peaceful Living and High Productivity<\/a><\/h3>    <\/div>\n<\/div>                        <\/div>\n                                                <div class=\"grid-item\">\n                            <div class=\"post-inner blog-grid\">\n    <div class=\"post-thumbnail\"><img loading=\"lazy\" decoding=\"async\" width=\"900\" height=\"600\" src=\"https:\/\/peryapi.com.tr\/wp-content\/uploads\/2025\/12\/Isi-Yalitimi-Nedir-Nasil-Yapilir-ve-Neden-Onemlidir-1024x683.jpg\" class=\"attachment-large size-large wp-post-image\" alt=\"\" srcset=\"https:\/\/peryapi.com.tr\/wp-content\/uploads\/2025\/12\/Isi-Yalitimi-Nedir-Nasil-Yapilir-ve-Neden-Onemlidir-1024x683.jpg 1024w, https:\/\/peryapi.com.tr\/wp-content\/uploads\/2025\/12\/Isi-Yalitimi-Nedir-Nasil-Yapilir-ve-Neden-Onemlidir-300x200.jpg 300w, https:\/\/peryapi.com.tr\/wp-content\/uploads\/2025\/12\/Isi-Yalitimi-Nedir-Nasil-Yapilir-ve-Neden-Onemlidir-768x512.jpg 768w, https:\/\/peryapi.com.tr\/wp-content\/uploads\/2025\/12\/Isi-Yalitimi-Nedir-Nasil-Yapilir-ve-Neden-Onemlidir.jpg 1500w\" sizes=\"(max-width: 900px) 100vw, 900px\" \/><\/div>    <div class=\"post-content\">\n        <div class=\"entry-meta\">\n            <div class=\"entry-meta-inner\">\n                 <div class=\"categories-link\"><span class=\"screen-reader-text\">Categories<\/span><a href=\"https:\/\/peryapi.com.tr\/en\/blog\/category\/general\/\" rel=\"category tag\">General<\/a><\/div> <div class=\"posted-on\"><a href=\"https:\/\/peryapi.com.tr\/en\/blog\/what-is-thermal-insulation-how-is-it-done-and-why-is-it-important\/\" rel=\"bookmark\"><time class=\"entry-date published\" datetime=\"2025-12-10T19:33:18+03:00\">10 December 2025<\/time><time class=\"updated\" datetime=\"2025-12-29T21:56:27+03:00\">29 December 2025<\/time><\/a><\/div>             <\/div>\n        <\/div>\n        <h3 class=\"omega entry-title\"><a href=\"https:\/\/peryapi.com.tr\/en\/blog\/what-is-thermal-insulation-how-is-it-done-and-why-is-it-important\/\" rel=\"bookmark\">What is Thermal Insulation? How is it done and why is it important?<\/a><\/h3>    <\/div>\n<\/div>                        <\/div>\n                                                <div class=\"grid-item\">\n                            <div class=\"post-inner blog-grid\">\n    <div class=\"post-thumbnail\"><img loading=\"lazy\" decoding=\"async\" width=\"900\" height=\"582\" src=\"https:\/\/peryapi.com.tr\/wp-content\/uploads\/2025\/11\/peryapi-akilli-ev-sistemleri-1024x662.jpeg\" class=\"attachment-large size-large wp-post-image\" alt=\"\" srcset=\"https:\/\/peryapi.com.tr\/wp-content\/uploads\/2025\/11\/peryapi-akilli-ev-sistemleri-1024x662.jpeg 1024w, https:\/\/peryapi.com.tr\/wp-content\/uploads\/2025\/11\/peryapi-akilli-ev-sistemleri-300x194.jpeg 300w, https:\/\/peryapi.com.tr\/wp-content\/uploads\/2025\/11\/peryapi-akilli-ev-sistemleri-768x496.jpeg 768w, https:\/\/peryapi.com.tr\/wp-content\/uploads\/2025\/11\/peryapi-akilli-ev-sistemleri-1536x992.jpeg 1536w, https:\/\/peryapi.com.tr\/wp-content\/uploads\/2025\/11\/peryapi-akilli-ev-sistemleri-2048x1323.jpeg 2048w\" sizes=\"(max-width: 900px) 100vw, 900px\" \/><\/div>    <div class=\"post-content\">\n        <div class=\"entry-meta\">\n            <div class=\"entry-meta-inner\">\n                 <div class=\"categories-link\"><span class=\"screen-reader-text\">Categories<\/span><a href=\"https:\/\/peryapi.com.tr\/en\/blog\/category\/general\/\" rel=\"category tag\">General<\/a><\/div> <div class=\"posted-on\"><a href=\"https:\/\/peryapi.com.tr\/en\/blog\/smart-home-systems\/\" rel=\"bookmark\"><time class=\"entry-date published\" datetime=\"2025-11-26T07:18:03+03:00\">26 November 2025<\/time><time class=\"updated\" datetime=\"2025-11-26T07:28:19+03:00\">26 November 2025<\/time><\/a><\/div>             <\/div>\n        <\/div>\n        <h3 class=\"omega entry-title\"><a href=\"https:\/\/peryapi.com.tr\/en\/blog\/smart-home-systems\/\" rel=\"bookmark\">Smart Home Systems: Comfort with Technology in New Housing<\/a><\/h3>    <\/div>\n<\/div>                        <\/div>\n                                                <div class=\"grid-item\">\n                            <div class=\"post-inner blog-grid\">\n    <div class=\"post-thumbnail\"><img loading=\"lazy\" decoding=\"async\" width=\"900\" height=\"506\" src=\"https:\/\/peryapi.com.tr\/wp-content\/uploads\/2025\/10\/kentsel-donusum-per-yapi-blog-1024x576.jpg\" class=\"attachment-large size-large wp-post-image\" alt=\"\" srcset=\"https:\/\/peryapi.com.tr\/wp-content\/uploads\/2025\/10\/kentsel-donusum-per-yapi-blog-1024x576.jpg 1024w, https:\/\/peryapi.com.tr\/wp-content\/uploads\/2025\/10\/kentsel-donusum-per-yapi-blog-300x169.jpg 300w, https:\/\/peryapi.com.tr\/wp-content\/uploads\/2025\/10\/kentsel-donusum-per-yapi-blog-768x432.jpg 768w, https:\/\/peryapi.com.tr\/wp-content\/uploads\/2025\/10\/kentsel-donusum-per-yapi-blog.jpg 1290w\" sizes=\"(max-width: 900px) 100vw, 900px\" \/><\/div>    <div class=\"post-content\">\n        <div class=\"entry-meta\">\n            <div class=\"entry-meta-inner\">\n                 <div class=\"categories-link\"><span class=\"screen-reader-text\">Categories<\/span><a href=\"https:\/\/peryapi.com.tr\/en\/blog\/category\/general\/\" rel=\"category tag\">General<\/a><\/div> <div class=\"posted-on\"><a href=\"https:\/\/peryapi.com.tr\/en\/blog\/what-is-urban-transformation\/\" rel=\"bookmark\"><time class=\"entry-date published\" datetime=\"2025-10-14T16:26:36+03:00\">14 October 2025<\/time><time class=\"updated\" datetime=\"2025-11-10T01:18:06+03:00\">10 November 2025<\/time><\/a><\/div>             <\/div>\n        <\/div>\n        <h3 class=\"omega entry-title\"><a href=\"https:\/\/peryapi.com.tr\/en\/blog\/what-is-urban-transformation\/\" rel=\"bookmark\">What Is Urban Transformation?<\/a><\/h3>    <\/div>\n<\/div>                        <\/div>\n                                                    <\/div>\n                                        <\/div>\n        \t\t\t\t<\/div>\n\t\t\t\t<\/div>\n\t\t\t\t\t<\/div>\n\t\t\t\t<\/div>\n\t\t\t\t<\/div>\n\t\t","protected":false},"excerpt":{"rendered":"<p>Per Yap\u0131 CategoriesGenel 14 Ekim 202514 Ekim 2025 Kentsel D\u00f6n\u00fc\u015f\u00fcm Nedir? Avantajlar\u0131 ve S\u00fcreci Kentsel D\u00f6n\u00fc\u015f\u00fcm Nedir? Kentsel d\u00f6n\u00fc\u015f\u00fcm laf\u0131n\u0131 s\u0131k\u00e7a duyuyoruz. Ancak onun ne oldu\u011funu ger\u00e7ekten biliyor muyuz? Eskimi\u015f binalar\u0131 y\u0131k\u0131p yenisini yaparak ger\u00e7ek bir d\u00f6n\u00fc\u015f\u00fcm sa\u011flayabilir miyiz? Elbette Hay\u0131r. O halde kentsel d\u00f6n\u00fc\u015f\u00fcm\u00fcn ne demek oldu\u011funa t\u00fcm detaylar\u0131yla bakmak gerek.&nbsp; Kentsel d\u00f6n\u00fc\u015f\u00fcm;&nbsp; \u015eehirlerdeki [&hellip;]<\/p>\n","protected":false},"author":1,"featured_media":0,"parent":0,"menu_order":0,"comment_status":"closed","ping_status":"closed","template":"template-homepage.php","meta":{"_seopress_robots_primary_cat":"","_seopress_titles_title":"PerLife Blog \u2013 Housing, Lifestyle and Construction Guide","_seopress_titles_desc":"Informative content about housing selection, construction techniques and living spaces awaits you on PerLife Blog.","_seopress_robots_index":"","footnotes":""},"class_list":["post-8139","page","type-page","status-publish"],"_links":{"self":[{"href":"https:\/\/peryapi.com.tr\/en\/wp-json\/wp\/v2\/pages\/8139","targetHints":{"allow":["GET"]}}],"collection":[{"href":"https:\/\/peryapi.com.tr\/en\/wp-json\/wp\/v2\/pages"}],"about":[{"href":"https:\/\/peryapi.com.tr\/en\/wp-json\/wp\/v2\/types\/page"}],"author":[{"embeddable":true,"href":"https:\/\/peryapi.com.tr\/en\/wp-json\/wp\/v2\/users\/1"}],"replies":[{"embeddable":true,"href":"https:\/\/peryapi.com.tr\/en\/wp-json\/wp\/v2\/comments?post=8139"}],"version-history":[{"count":4,"href":"https:\/\/peryapi.com.tr\/en\/wp-json\/wp\/v2\/pages\/8139\/revisions"}],"predecessor-version":[{"id":8722,"href":"https:\/\/peryapi.com.tr\/en\/wp-json\/wp\/v2\/pages\/8139\/revisions\/8722"}],"wp:attachment":[{"href":"https:\/\/peryapi.com.tr\/en\/wp-json\/wp\/v2\/media?parent=8139"}],"curies":[{"name":"wp","href":"https:\/\/api.w.org\/{rel}","templated":true}]}}